{"id":94337,"date":"2023-04-15T20:04:29","date_gmt":"2023-04-15T18:04:29","guid":{"rendered":"https:\/\/spider-point-dev.preview.network\/widerruf\/"},"modified":"2023-05-11T02:31:46","modified_gmt":"2023-05-11T00:31:46","slug":"widerruf","status":"publish","type":"page","link":"https:\/\/spider-point-dev.preview.network\/en\/widerruf\/","title":{"rendered":"Widerruf"},"content":{"rendered":"<h1>Widerrufsbelehrung &#038; Widerrufsformular<\/h1>\n<p>Verbrauchern steht folgendes Widerrufsrecht zu. Verbraucher ist jede nat\u00fcrliche Person, die ein Rechtsgesch\u00e4ft zu Zwecken abschlie\u00dft, die \u00fcberwiegend weder ihrer gewerblichen noch ihrer selbst\u00e4ndigen beruflichen T\u00e4tigkeit zugerechnet werden k\u00f6nnen:<\/p>\n<h2>A WIDERRUFSBELEHRUNG<\/h2>\n<h3>Widerrufsrecht<\/h3>\n<p>Sie haben das Recht, binnen vierzehn Tagen ohne Angabe von Gr\u00fcnden diesen Vertrag zu widerrufen.<\/p>\n<p>Die Widerrufsfrist betr\u00e4gt vierzehn Tage ab dem Tag, an dem Sie oder ein von Ihnen benannter Dritter, der nicht der Bef\u00f6rderer ist, die letzte Ware in Besitz genommen haben bzw. hat.<\/p>\n<p>Um Ihr Widerrufsrecht auszu\u00fcben, m\u00fcssen Sie uns (Christiane Debacher eKfr, \u2013 Spider-Point, Gewerbestra\u00dfe 12, 77966 Kappel-Grafenhausen, Telefon: +49 (0) 7822 61704, Fax: +49 (0) 7822 61851, E-Mail: &#x69;&#x6e;&#102;&#111;&#64;&#x73;&#x70;&#x69;&#100;&#101;r&#x2d;&#x70;&#x6f;&#105;&#110;t&#x2e;&#x63;&#x6f;&#109;) mittels einer eindeutigen Erkl\u00e4rung (z. B. ein mit der Post versandter Brief, Telefax oder E-Mail) \u00fcber Ihren Entschluss, diesen Vertrag zu widerrufen, informieren. Sie k\u00f6nnen daf\u00fcr das beigef\u00fcgte Muster- Widerrufsformular verwenden, das jedoch nicht vorgeschrieben ist. Zur Wahrung der Widerrufsfrist reicht es aus, dass Sie die Mitteilung \u00fcber die Aus\u00fcbung des Widerrufsrechts vor Ablauf der Widerrufsfrist absenden.<\/p>\n<h3>Folgen des Widerrufs<\/h3>\n<p>Wenn Sie diesen Vertrag widerrufen, haben wir Ihnen alle Zahlungen, die wir von Ihnen erhalten haben, einschlie\u00dflich der Lieferkosten (mit Ausnahme der zus\u00e4tzlichen Kosten, die sich daraus ergeben, dass Sie eine andere Art der Lieferung als die von uns angebotene, g\u00fcnstigste Standardlieferung gew\u00e4hlt haben), unverz\u00fcglich und sp\u00e4testens binnen vierzehn Tagen ab dem Tag zur\u00fcckzuzahlen, an dem die Mitteilung \u00fcber Ihren Widerruf dieses Vertrags bei uns eingegangen ist. F\u00fcr diese R\u00fcckzahlung verwenden wir dasselbe Zahlungsmittel, das Sie bei der urspr\u00fcnglichen Transaktion eingesetzt haben, es sei denn, mit Ihnen wurde ausdr\u00fccklich etwas anderes vereinbart; in keinem Fall werden Ihnen wegen dieser R\u00fcckzahlung Entgelte berechnet. Wir k\u00f6nnen die R\u00fcckzahlung verweigern, bis wir die Waren wieder zur\u00fcckerhalten haben oder bis Sie den Nachweis erbracht haben, dass Sie die Waren zur\u00fcckgesandt haben, je nachdem, welches der fr\u00fchere Zeitpunkt ist.<\/p>\n<p>Sie haben die Waren unverz\u00fcglich und in jedem Fall sp\u00e4testens binnen vierzehn Tagen ab dem Tag, an dem Sie uns \u00fcber den Widerruf dieses Vertrags unterrichten, an uns zur\u00fcckzusenden oder zu \u00fcbergeben. Die Frist ist gewahrt, wenn Sie die Waren vor Ablauf der Frist von vierzehn Tagen absenden.<br \/>Sie tragen die unmittelbaren Kosten der R\u00fccksendung der Waren.<\/p>\n<p>Die unmittelbaren Kosten der R\u00fccksendung werden hinsichtlich solcher Waren, die aufgrund ihrer Beschaffenheit nicht normal mit der Post an uns zur\u00fcckgesandt werden k\u00f6nnen (Speditionsware), f\u00fcr jede derartige Ware auf h\u00f6chstens etwa 500 Euro gesch\u00e4tzt.<\/p>\n<p>Sie m\u00fcssen f\u00fcr einen etwaigen Wertverlust der Waren nur aufkommen, wenn dieser Wertverlust auf einen zur Pr\u00fcfung der Beschaffenheit, Eigenschaften und Funktionsweise der Waren nicht notwendigen Umgang mit ihnen zur\u00fcckzuf\u00fchren ist.<\/p>\n<h2>ENDE DER WIDERRUFSBELEHRUNG<\/h2>\n<h3>Allgemeine Hinweise zur R\u00fccksendung<\/h3>\n<p>1. Bitte vermeiden Sie Besch\u00e4digungen und Verunreinigungen der Ware. Senden Sie die Ware bitte m\u00f6glichst in Originalverpackung mit s\u00e4mtlichem Zubeh\u00f6r und mit allen Verpackungsbestandteilen an uns zur\u00fcck. Verwenden Sie ggf. eine sch\u00fctzende Umverpackung. Wenn Sie die Originalverpackung nicht mehr besitzen, sorgen Sie bitte mit einer geeigneten Verpackung f\u00fcr einen ausreichenden Schutz vor Transportsch\u00e4den.<\/p>\n<p>2. Senden Sie die Ware bitte nicht unfrei an uns zur\u00fcck. Wir erstatten Ihnen auch gerne auf Wunsch die Portokosten, sofern diese nicht von Ihnen selbst zu tragen sind.<\/p>\n<h3>Bitte beachten Sie, dass die vorgenannten Ziffern 1-2 nicht Voraussetzung f\u00fcr die wirksame Aus\u00fcbung des Widerrufsrechts sind.<\/h3>\n<h2>B WIDERRUFSFORMULAR<\/h2>\n<p>Zum Download eines Widerrufsformulars bitte\u00a0<a href=\"https:\/\/spider-point-dev.preview.network\/wp-content\/uploads\/2023\/05\/Muster-Widerrufsformular-SP.pdf\" target=\"_blank\" rel=\"noopener\">hier klicken.<\/a><\/p>\n","protected":false},"excerpt":{"rendered":"<p>Widerrufsbelehrung &#038; Widerrufsformular Verbrauchern steht folgendes Widerrufsrecht zu. Verbraucher ist jede nat\u00fcrliche Person, die ein Rechtsgesch\u00e4ft zu Zwecken abschlie\u00dft, die \u00fcberwiegend weder ihrer gewerblichen noch ihrer selbst\u00e4ndigen beruflichen T\u00e4tigkeit zugerechnet werden k\u00f6nnen: A WIDERRUFSBELEHRUNG Widerrufsrecht Sie haben das Recht, binnen vierzehn Tagen ohne Angabe von Gr\u00fcnden diesen Vertrag zu widerrufen. Die Widerrufsfrist betr\u00e4gt vierzehn Tage [&hellip;]<\/p>\n","protected":false},"author":2,"featured_media":0,"parent":0,"menu_order":220,"comment_status":"closed","ping_status":"closed","template":"","meta":{"_acf_changed":false,"footnotes":""},"class_list":["post-94337","page","type-page","status-publish","hentry"],"acf":[],"yoast_head":"<!-- This site is optimized with the Yoast SEO plugin v26.2 - https:\/\/yoast.com\/wordpress\/plugins\/seo\/ -->\n<title>Widerruf - Spider-Point<\/title>\n<meta name=\"robots\" content=\"index, follow, max-snippet:-1, max-image-preview:large, max-video-preview:-1\" \/>\n<link rel=\"canonical\" href=\"https:\/\/spider-point-dev.preview.network\/en\/widerruf\/\" \/>\n<meta property=\"og:locale\" content=\"en_US\" \/>\n<meta property=\"og:type\" content=\"article\" \/>\n<meta property=\"og:title\" content=\"Widerruf - Spider-Point\" \/>\n<meta property=\"og:description\" content=\"Widerrufsbelehrung &#038; Widerrufsformular Verbrauchern steht folgendes Widerrufsrecht zu. Verbraucher ist jede nat\u00fcrliche Person, die ein Rechtsgesch\u00e4ft zu Zwecken abschlie\u00dft, die \u00fcberwiegend weder ihrer gewerblichen noch ihrer selbst\u00e4ndigen beruflichen T\u00e4tigkeit zugerechnet werden k\u00f6nnen: A WIDERRUFSBELEHRUNG Widerrufsrecht Sie haben das Recht, binnen vierzehn Tagen ohne Angabe von Gr\u00fcnden diesen Vertrag zu widerrufen. Die Widerrufsfrist betr\u00e4gt vierzehn Tage [&hellip;]\" \/>\n<meta property=\"og:url\" content=\"https:\/\/spider-point-dev.preview.network\/en\/widerruf\/\" \/>\n<meta property=\"og:site_name\" content=\"Spider-Point\" \/>\n<meta property=\"article:modified_time\" content=\"2023-05-11T00:31:46+00:00\" \/>\n<meta name=\"twitter:card\" content=\"summary_large_image\" \/>\n<meta name=\"twitter:label1\" content=\"Est. reading time\" \/>\n\t<meta name=\"twitter:data1\" content=\"3 minutes\" \/>\n<script type=\"application\/ld+json\" class=\"yoast-schema-graph\">{\"@context\":\"https:\/\/schema.org\",\"@graph\":[{\"@type\":\"WebPage\",\"@id\":\"https:\/\/spider-point-dev.preview.network\/en\/widerruf\/\",\"url\":\"https:\/\/spider-point-dev.preview.network\/en\/widerruf\/\",\"name\":\"Widerruf - Spider-Point\",\"isPartOf\":{\"@id\":\"https:\/\/spider-point-dev.preview.network\/en\/#website\"},\"datePublished\":\"2023-04-15T18:04:29+00:00\",\"dateModified\":\"2023-05-11T00:31:46+00:00\",\"breadcrumb\":{\"@id\":\"https:\/\/spider-point-dev.preview.network\/en\/widerruf\/#breadcrumb\"},\"inLanguage\":\"en-US\",\"potentialAction\":[{\"@type\":\"ReadAction\",\"target\":[\"https:\/\/spider-point-dev.preview.network\/en\/widerruf\/\"]}]},{\"@type\":\"BreadcrumbList\",\"@id\":\"https:\/\/spider-point-dev.preview.network\/en\/widerruf\/#breadcrumb\",\"itemListElement\":[{\"@type\":\"ListItem\",\"position\":1,\"name\":\"Home\",\"item\":\"https:\/\/spider-point-dev.preview.network\/en\/\"},{\"@type\":\"ListItem\",\"position\":2,\"name\":\"Widerruf\"}]},{\"@type\":\"WebSite\",\"@id\":\"https:\/\/spider-point-dev.preview.network\/en\/#website\",\"url\":\"https:\/\/spider-point-dev.preview.network\/en\/\",\"name\":\"Spider-Point\",\"description\":\"\",\"publisher\":{\"@id\":\"https:\/\/spider-point-dev.preview.network\/en\/#organization\"},\"potentialAction\":[{\"@type\":\"SearchAction\",\"target\":{\"@type\":\"EntryPoint\",\"urlTemplate\":\"https:\/\/spider-point-dev.preview.network\/en\/?s={search_term_string}\"},\"query-input\":{\"@type\":\"PropertyValueSpecification\",\"valueRequired\":true,\"valueName\":\"search_term_string\"}}],\"inLanguage\":\"en-US\"},{\"@type\":\"Organization\",\"@id\":\"https:\/\/spider-point-dev.preview.network\/en\/#organization\",\"name\":\"Spider-Point\",\"url\":\"https:\/\/spider-point-dev.preview.network\/en\/\",\"logo\":{\"@type\":\"ImageObject\",\"inLanguage\":\"en-US\",\"@id\":\"https:\/\/spider-point-dev.preview.network\/en\/#\/schema\/logo\/image\/\",\"url\":\"https:\/\/spider-point-dev.preview.network\/wp-content\/uploads\/2021\/02\/Spider-Point-Logo-300x101-1.png\",\"contentUrl\":\"https:\/\/spider-point-dev.preview.network\/wp-content\/uploads\/2021\/02\/Spider-Point-Logo-300x101-1.png\",\"width\":300,\"height\":101,\"caption\":\"Spider-Point\"},\"image\":{\"@id\":\"https:\/\/spider-point-dev.preview.network\/en\/#\/schema\/logo\/image\/\"}}]}<\/script>\n<!-- \/ Yoast SEO plugin. -->","yoast_head_json":{"title":"Widerruf - Spider-Point","robots":{"index":"index","follow":"follow","max-snippet":"max-snippet:-1","max-image-preview":"max-image-preview:large","max-video-preview":"max-video-preview:-1"},"canonical":"https:\/\/spider-point-dev.preview.network\/en\/widerruf\/","og_locale":"en_US","og_type":"article","og_title":"Widerruf - Spider-Point","og_description":"Widerrufsbelehrung &#038; Widerrufsformular Verbrauchern steht folgendes Widerrufsrecht zu. Verbraucher ist jede nat\u00fcrliche Person, die ein Rechtsgesch\u00e4ft zu Zwecken abschlie\u00dft, die \u00fcberwiegend weder ihrer gewerblichen noch ihrer selbst\u00e4ndigen beruflichen T\u00e4tigkeit zugerechnet werden k\u00f6nnen: A WIDERRUFSBELEHRUNG Widerrufsrecht Sie haben das Recht, binnen vierzehn Tagen ohne Angabe von Gr\u00fcnden diesen Vertrag zu widerrufen. Die Widerrufsfrist betr\u00e4gt vierzehn Tage [&hellip;]","og_url":"https:\/\/spider-point-dev.preview.network\/en\/widerruf\/","og_site_name":"Spider-Point","article_modified_time":"2023-05-11T00:31:46+00:00","twitter_card":"summary_large_image","twitter_misc":{"Est. reading time":"3 minutes"},"schema":{"@context":"https:\/\/schema.org","@graph":[{"@type":"WebPage","@id":"https:\/\/spider-point-dev.preview.network\/en\/widerruf\/","url":"https:\/\/spider-point-dev.preview.network\/en\/widerruf\/","name":"Widerruf - Spider-Point","isPartOf":{"@id":"https:\/\/spider-point-dev.preview.network\/en\/#website"},"datePublished":"2023-04-15T18:04:29+00:00","dateModified":"2023-05-11T00:31:46+00:00","breadcrumb":{"@id":"https:\/\/spider-point-dev.preview.network\/en\/widerruf\/#breadcrumb"},"inLanguage":"en-US","potentialAction":[{"@type":"ReadAction","target":["https:\/\/spider-point-dev.preview.network\/en\/widerruf\/"]}]},{"@type":"BreadcrumbList","@id":"https:\/\/spider-point-dev.preview.network\/en\/widerruf\/#breadcrumb","itemListElement":[{"@type":"ListItem","position":1,"name":"Home","item":"https:\/\/spider-point-dev.preview.network\/en\/"},{"@type":"ListItem","position":2,"name":"Widerruf"}]},{"@type":"WebSite","@id":"https:\/\/spider-point-dev.preview.network\/en\/#website","url":"https:\/\/spider-point-dev.preview.network\/en\/","name":"Spider-Point","description":"","publisher":{"@id":"https:\/\/spider-point-dev.preview.network\/en\/#organization"},"potentialAction":[{"@type":"SearchAction","target":{"@type":"EntryPoint","urlTemplate":"https:\/\/spider-point-dev.preview.network\/en\/?s={search_term_string}"},"query-input":{"@type":"PropertyValueSpecification","valueRequired":true,"valueName":"search_term_string"}}],"inLanguage":"en-US"},{"@type":"Organization","@id":"https:\/\/spider-point-dev.preview.network\/en\/#organization","name":"Spider-Point","url":"https:\/\/spider-point-dev.preview.network\/en\/","logo":{"@type":"ImageObject","inLanguage":"en-US","@id":"https:\/\/spider-point-dev.preview.network\/en\/#\/schema\/logo\/image\/","url":"https:\/\/spider-point-dev.preview.network\/wp-content\/uploads\/2021\/02\/Spider-Point-Logo-300x101-1.png","contentUrl":"https:\/\/spider-point-dev.preview.network\/wp-content\/uploads\/2021\/02\/Spider-Point-Logo-300x101-1.png","width":300,"height":101,"caption":"Spider-Point"},"image":{"@id":"https:\/\/spider-point-dev.preview.network\/en\/#\/schema\/logo\/image\/"}}]}},"_links":{"self":[{"href":"https:\/\/spider-point-dev.preview.network\/en\/wp-json\/wp\/v2\/pages\/94337","targetHints":{"allow":["GET"]}}],"collection":[{"href":"https:\/\/spider-point-dev.preview.network\/en\/wp-json\/wp\/v2\/pages"}],"about":[{"href":"https:\/\/spider-point-dev.preview.network\/en\/wp-json\/wp\/v2\/types\/page"}],"author":[{"embeddable":true,"href":"https:\/\/spider-point-dev.preview.network\/en\/wp-json\/wp\/v2\/users\/2"}],"replies":[{"embeddable":true,"href":"https:\/\/spider-point-dev.preview.network\/en\/wp-json\/wp\/v2\/comments?post=94337"}],"version-history":[{"count":1,"href":"https:\/\/spider-point-dev.preview.network\/en\/wp-json\/wp\/v2\/pages\/94337\/revisions"}],"predecessor-version":[{"id":94338,"href":"https:\/\/spider-point-dev.preview.network\/en\/wp-json\/wp\/v2\/pages\/94337\/revisions\/94338"}],"wp:attachment":[{"href":"https:\/\/spider-point-dev.preview.network\/en\/wp-json\/wp\/v2\/media?parent=94337"}],"curies":[{"name":"wp","href":"https:\/\/api.w.org\/{rel}","templated":true}]}}