{"id":94326,"date":"2021-04-18T14:19:34","date_gmt":"2021-04-18T12:19:34","guid":{"rendered":"https:\/\/spider-point-dev.preview.network\/legal-notice\/"},"modified":"2023-05-11T02:27:19","modified_gmt":"2023-05-11T00:27:19","slug":"legal-notice","status":"publish","type":"page","link":"https:\/\/spider-point-dev.preview.network\/en\/legal-notice\/","title":{"rendered":"Legal Notice"},"content":{"rendered":"\t\t<div data-elementor-type=\"wp-page\" data-elementor-id=\"94326\" class=\"elementor elementor-94326 elementor-847\" data-elementor-settings=\"{&quot;ha_cmc_init_switcher&quot;:&quot;no&quot;}\" data-elementor-post-type=\"page\">\n\t\t\t\t\t\t<section class=\"elementor-section elementor-top-section elementor-element elementor-element-f8df393 elementor-section-boxed elementor-section-height-default elementor-section-height-default\" data-id=\"f8df393\" data-element_type=\"section\" data-settings=\"{&quot;_ha_eqh_enable&quot;:false}\">\n\t\t\t\t\t\t<div class=\"elementor-container elementor-column-gap-default\">\n\t\t\t\t\t<div class=\"elementor-column elementor-col-100 elementor-top-column elementor-element elementor-element-c40f1f6\" data-id=\"c40f1f6\" data-element_type=\"column\">\n\t\t\t<div class=\"elementor-widget-wrap elementor-element-populated\">\n\t\t\t\t\t\t<div class=\"elementor-element elementor-element-9340ac6 elementor-widget elementor-widget-heading\" data-id=\"9340ac6\" data-element_type=\"widget\" data-widget_type=\"heading.default\">\n\t\t\t\t<div class=\"elementor-widget-container\">\n\t\t\t\t\t<h2 class=\"elementor-heading-title elementor-size-default\">Legal Notice<\/h2>\t\t\t\t<\/div>\n\t\t\t\t<\/div>\n\t\t\t\t<div class=\"elementor-element elementor-element-c5ce7b6 elementor-widget elementor-widget-text-editor\" data-id=\"c5ce7b6\" data-element_type=\"widget\" data-widget_type=\"text-editor.default\">\n\t\t\t\t<div class=\"elementor-widget-container\">\n\t\t\t\t\t\t\t\t\t<section class=\"av_textblock_section av-l00novjk-ee1fc6240ba2e2a7cba4ff9fe8c46447 \">\n<div class=\"avia_textblock\">\n<p>Spider-Point<br \/>Christiane Debacher eKfr<br \/>Gewerbestra\u00dfe 12<br \/>77966 Kappel-Grafenhausen<br \/>Deutschland<\/p>\n<p>Telefon: +49 (0) 7822 61704<br \/>Fax: +49 (0) 7822 61851<br \/>Web: www.spider-point.com<br \/>Mail: info(AT)spider-point.com<\/p>\n<p>USt.Id.: DE142332206<br \/>Zust\u00e4ndiges Gericht: Registergericht Freiburg<br \/>HRB Nummer: A 400359<\/p>\n<\/div>\n<\/section>\n<section class=\"av_textblock_section av-14a0m-55da2ede5c9190422c4f1e6b65058816 \">\n<div class=\"avia_textblock\">\n<div class=\"woocommerce woocommerce-gzd woocommerce-gzd-complaints-shortcode\">\n<h3>Alternative Streitbeilegung gem\u00e4\u00df Art. 14 Abs. 1 ODR-VO und \u00a7 36 VSBG:<\/h3>\n<p>Online-Streitbeilegung: Die Europ\u00e4ische Kommission stellt unter\u00a0<a href=\"https:\/\/ec.europa.eu\/consumers\/odr\" target=\"_blank\" rel=\"noopener\">https:\/\/ec.europa.eu\/consumers\/odr<\/a>\/ eine Plattform zur Online-Streitbeilegung (nach Art. 14 Abs. 1 ODR-Verordnung) zur Verf\u00fcgung. Wir sind dazu nicht verpflichtet und auch nicht bereit.<\/p>\n<\/div>\n<p>An english version of these conditions can be sent to you on request.<\/p>\n<\/div>\n<\/section>\n\t\t\t\t\t\t\t\t<\/div>\n\t\t\t\t<\/div>\n\t\t\t\t\t<\/div>\n\t\t<\/div>\n\t\t\t\t\t<\/div>\n\t\t<\/section>\n\t\t\t\t<\/div>\n\t\t","protected":false},"excerpt":{"rendered":"<p>Legal Notice Spider-PointChristiane Debacher eKfrGewerbestra\u00dfe 1277966 Kappel-GrafenhausenDeutschland Telefon: +49 (0) 7822 61704Fax: +49 (0) 7822 61851Web: www.spider-point.comMail: info(AT)spider-point.com USt.Id.: DE142332206Zust\u00e4ndiges Gericht: Registergericht FreiburgHRB Nummer: A 400359 Alternative Streitbeilegung gem\u00e4\u00df Art. 14 Abs. 1 ODR-VO und \u00a7 36 VSBG: Online-Streitbeilegung: Die Europ\u00e4ische Kommission stellt unter\u00a0https:\/\/ec.europa.eu\/consumers\/odr\/ eine Plattform zur Online-Streitbeilegung (nach Art. 14 Abs. 1 ODR-Verordnung) zur [&hellip;]<\/p>\n","protected":false},"author":2,"featured_media":0,"parent":0,"menu_order":980,"comment_status":"closed","ping_status":"closed","template":"","meta":{"_acf_changed":false,"footnotes":""},"class_list":["post-94326","page","type-page","status-publish","hentry"],"acf":[],"yoast_head":"<!-- This site is optimized with the Yoast SEO plugin v26.2 - https:\/\/yoast.com\/wordpress\/plugins\/seo\/ -->\n<title>Legal Notice - Spider-Point<\/title>\n<meta name=\"robots\" content=\"index, follow, max-snippet:-1, max-image-preview:large, max-video-preview:-1\" \/>\n<link rel=\"canonical\" href=\"https:\/\/spider-point-dev.preview.network\/en\/legal-notice\/\" \/>\n<meta property=\"og:locale\" content=\"en_US\" \/>\n<meta property=\"og:type\" content=\"article\" \/>\n<meta property=\"og:title\" content=\"Legal Notice - Spider-Point\" \/>\n<meta property=\"og:description\" content=\"Legal Notice Spider-PointChristiane Debacher eKfrGewerbestra\u00dfe 1277966 Kappel-GrafenhausenDeutschland Telefon: +49 (0) 7822 61704Fax: +49 (0) 7822 61851Web: www.spider-point.comMail: info(AT)spider-point.com USt.Id.: DE142332206Zust\u00e4ndiges Gericht: Registergericht FreiburgHRB Nummer: A 400359 Alternative Streitbeilegung gem\u00e4\u00df Art. 14 Abs. 1 ODR-VO und \u00a7 36 VSBG: Online-Streitbeilegung: Die Europ\u00e4ische Kommission stellt unter\u00a0https:\/\/ec.europa.eu\/consumers\/odr\/ eine Plattform zur Online-Streitbeilegung (nach Art. 14 Abs. 1 ODR-Verordnung) zur [&hellip;]\" \/>\n<meta property=\"og:url\" content=\"https:\/\/spider-point-dev.preview.network\/en\/legal-notice\/\" \/>\n<meta property=\"og:site_name\" content=\"Spider-Point\" \/>\n<meta property=\"article:modified_time\" content=\"2023-05-11T00:27:19+00:00\" \/>\n<meta name=\"twitter:card\" content=\"summary_large_image\" \/>\n<script type=\"application\/ld+json\" class=\"yoast-schema-graph\">{\"@context\":\"https:\/\/schema.org\",\"@graph\":[{\"@type\":\"WebPage\",\"@id\":\"https:\/\/spider-point-dev.preview.network\/en\/legal-notice\/\",\"url\":\"https:\/\/spider-point-dev.preview.network\/en\/legal-notice\/\",\"name\":\"Legal Notice - Spider-Point\",\"isPartOf\":{\"@id\":\"https:\/\/spider-point-dev.preview.network\/en\/#website\"},\"datePublished\":\"2021-04-18T12:19:34+00:00\",\"dateModified\":\"2023-05-11T00:27:19+00:00\",\"breadcrumb\":{\"@id\":\"https:\/\/spider-point-dev.preview.network\/en\/legal-notice\/#breadcrumb\"},\"inLanguage\":\"en-US\",\"potentialAction\":[{\"@type\":\"ReadAction\",\"target\":[\"https:\/\/spider-point-dev.preview.network\/en\/legal-notice\/\"]}]},{\"@type\":\"BreadcrumbList\",\"@id\":\"https:\/\/spider-point-dev.preview.network\/en\/legal-notice\/#breadcrumb\",\"itemListElement\":[{\"@type\":\"ListItem\",\"position\":1,\"name\":\"Home\",\"item\":\"https:\/\/spider-point-dev.preview.network\/en\/\"},{\"@type\":\"ListItem\",\"position\":2,\"name\":\"Legal Notice\"}]},{\"@type\":\"WebSite\",\"@id\":\"https:\/\/spider-point-dev.preview.network\/en\/#website\",\"url\":\"https:\/\/spider-point-dev.preview.network\/en\/\",\"name\":\"Spider-Point\",\"description\":\"\",\"publisher\":{\"@id\":\"https:\/\/spider-point-dev.preview.network\/en\/#organization\"},\"potentialAction\":[{\"@type\":\"SearchAction\",\"target\":{\"@type\":\"EntryPoint\",\"urlTemplate\":\"https:\/\/spider-point-dev.preview.network\/en\/?s={search_term_string}\"},\"query-input\":{\"@type\":\"PropertyValueSpecification\",\"valueRequired\":true,\"valueName\":\"search_term_string\"}}],\"inLanguage\":\"en-US\"},{\"@type\":\"Organization\",\"@id\":\"https:\/\/spider-point-dev.preview.network\/en\/#organization\",\"name\":\"Spider-Point\",\"url\":\"https:\/\/spider-point-dev.preview.network\/en\/\",\"logo\":{\"@type\":\"ImageObject\",\"inLanguage\":\"en-US\",\"@id\":\"https:\/\/spider-point-dev.preview.network\/en\/#\/schema\/logo\/image\/\",\"url\":\"https:\/\/spider-point-dev.preview.network\/wp-content\/uploads\/2021\/02\/Spider-Point-Logo-300x101-1.png\",\"contentUrl\":\"https:\/\/spider-point-dev.preview.network\/wp-content\/uploads\/2021\/02\/Spider-Point-Logo-300x101-1.png\",\"width\":300,\"height\":101,\"caption\":\"Spider-Point\"},\"image\":{\"@id\":\"https:\/\/spider-point-dev.preview.network\/en\/#\/schema\/logo\/image\/\"}}]}<\/script>\n<!-- \/ Yoast SEO plugin. -->","yoast_head_json":{"title":"Legal Notice - Spider-Point","robots":{"index":"index","follow":"follow","max-snippet":"max-snippet:-1","max-image-preview":"max-image-preview:large","max-video-preview":"max-video-preview:-1"},"canonical":"https:\/\/spider-point-dev.preview.network\/en\/legal-notice\/","og_locale":"en_US","og_type":"article","og_title":"Legal Notice - Spider-Point","og_description":"Legal Notice Spider-PointChristiane Debacher eKfrGewerbestra\u00dfe 1277966 Kappel-GrafenhausenDeutschland Telefon: +49 (0) 7822 61704Fax: +49 (0) 7822 61851Web: www.spider-point.comMail: info(AT)spider-point.com USt.Id.: DE142332206Zust\u00e4ndiges Gericht: Registergericht FreiburgHRB Nummer: A 400359 Alternative Streitbeilegung gem\u00e4\u00df Art. 14 Abs. 1 ODR-VO und \u00a7 36 VSBG: Online-Streitbeilegung: Die Europ\u00e4ische Kommission stellt unter\u00a0https:\/\/ec.europa.eu\/consumers\/odr\/ eine Plattform zur Online-Streitbeilegung (nach Art. 14 Abs. 1 ODR-Verordnung) zur [&hellip;]","og_url":"https:\/\/spider-point-dev.preview.network\/en\/legal-notice\/","og_site_name":"Spider-Point","article_modified_time":"2023-05-11T00:27:19+00:00","twitter_card":"summary_large_image","schema":{"@context":"https:\/\/schema.org","@graph":[{"@type":"WebPage","@id":"https:\/\/spider-point-dev.preview.network\/en\/legal-notice\/","url":"https:\/\/spider-point-dev.preview.network\/en\/legal-notice\/","name":"Legal Notice - Spider-Point","isPartOf":{"@id":"https:\/\/spider-point-dev.preview.network\/en\/#website"},"datePublished":"2021-04-18T12:19:34+00:00","dateModified":"2023-05-11T00:27:19+00:00","breadcrumb":{"@id":"https:\/\/spider-point-dev.preview.network\/en\/legal-notice\/#breadcrumb"},"inLanguage":"en-US","potentialAction":[{"@type":"ReadAction","target":["https:\/\/spider-point-dev.preview.network\/en\/legal-notice\/"]}]},{"@type":"BreadcrumbList","@id":"https:\/\/spider-point-dev.preview.network\/en\/legal-notice\/#breadcrumb","itemListElement":[{"@type":"ListItem","position":1,"name":"Home","item":"https:\/\/spider-point-dev.preview.network\/en\/"},{"@type":"ListItem","position":2,"name":"Legal Notice"}]},{"@type":"WebSite","@id":"https:\/\/spider-point-dev.preview.network\/en\/#website","url":"https:\/\/spider-point-dev.preview.network\/en\/","name":"Spider-Point","description":"","publisher":{"@id":"https:\/\/spider-point-dev.preview.network\/en\/#organization"},"potentialAction":[{"@type":"SearchAction","target":{"@type":"EntryPoint","urlTemplate":"https:\/\/spider-point-dev.preview.network\/en\/?s={search_term_string}"},"query-input":{"@type":"PropertyValueSpecification","valueRequired":true,"valueName":"search_term_string"}}],"inLanguage":"en-US"},{"@type":"Organization","@id":"https:\/\/spider-point-dev.preview.network\/en\/#organization","name":"Spider-Point","url":"https:\/\/spider-point-dev.preview.network\/en\/","logo":{"@type":"ImageObject","inLanguage":"en-US","@id":"https:\/\/spider-point-dev.preview.network\/en\/#\/schema\/logo\/image\/","url":"https:\/\/spider-point-dev.preview.network\/wp-content\/uploads\/2021\/02\/Spider-Point-Logo-300x101-1.png","contentUrl":"https:\/\/spider-point-dev.preview.network\/wp-content\/uploads\/2021\/02\/Spider-Point-Logo-300x101-1.png","width":300,"height":101,"caption":"Spider-Point"},"image":{"@id":"https:\/\/spider-point-dev.preview.network\/en\/#\/schema\/logo\/image\/"}}]}},"_links":{"self":[{"href":"https:\/\/spider-point-dev.preview.network\/en\/wp-json\/wp\/v2\/pages\/94326","targetHints":{"allow":["GET"]}}],"collection":[{"href":"https:\/\/spider-point-dev.preview.network\/en\/wp-json\/wp\/v2\/pages"}],"about":[{"href":"https:\/\/spider-point-dev.preview.network\/en\/wp-json\/wp\/v2\/types\/page"}],"author":[{"embeddable":true,"href":"https:\/\/spider-point-dev.preview.network\/en\/wp-json\/wp\/v2\/users\/2"}],"replies":[{"embeddable":true,"href":"https:\/\/spider-point-dev.preview.network\/en\/wp-json\/wp\/v2\/comments?post=94326"}],"version-history":[{"count":1,"href":"https:\/\/spider-point-dev.preview.network\/en\/wp-json\/wp\/v2\/pages\/94326\/revisions"}],"predecessor-version":[{"id":94327,"href":"https:\/\/spider-point-dev.preview.network\/en\/wp-json\/wp\/v2\/pages\/94326\/revisions\/94327"}],"wp:attachment":[{"href":"https:\/\/spider-point-dev.preview.network\/en\/wp-json\/wp\/v2\/media?parent=94326"}],"curies":[{"name":"wp","href":"https:\/\/api.w.org\/{rel}","templated":true}]}}